{"id":8,"date":"2024-02-08T11:23:03","date_gmt":"2024-02-08T10:23:03","guid":{"rendered":"https:\/\/anticipaysoluciona.com\/?page_id=8"},"modified":"2024-07-02T10:55:22","modified_gmt":"2024-07-02T08:55:22","slug":"as-anticipa-y-soluciona","status":"publish","type":"page","link":"https:\/\/anticipaysoluciona.com\/","title":{"rendered":""},"content":{"rendered":"\n<div class=\"wp-block-cb-carousel alignfull cb-single-slide\" data-slick=\"{&quot;slidesToShow&quot;:1,&quot;slidesToScroll&quot;:1,&quot;speed&quot;:200,&quot;arrows&quot;:false,&quot;dots&quot;:false,&quot;autoplay&quot;:true,&quot;autoplaySpeed&quot;:3000,&quot;infinite&quot;:true,&quot;rtl&quot;:false,&quot;responsive&quot;:[{&quot;breakpoint&quot;:721,&quot;settings&quot;:{&quot;slidesToShow&quot;:1,&quot;slidesToScroll&quot;:1}}]}\">\n<div class=\"wp-block-cb-slide\">\n<figure class=\"wp-block-image aligncenter size-full is-resized\"><img loading=\"lazy\" decoding=\"async\" width=\"2400\" height=\"691\" src=\"https:\/\/anticipaysoluciona.com\/wp-content\/uploads\/2024\/06\/FOTO-PORTADA4.jpg\" alt=\"\" class=\"wp-image-238\" style=\"width:1450px;height:auto\" srcset=\"https:\/\/anticipaysoluciona.com\/wp-content\/uploads\/2024\/06\/FOTO-PORTADA4.jpg 2400w, https:\/\/anticipaysoluciona.com\/wp-content\/uploads\/2024\/06\/FOTO-PORTADA4-300x86.jpg 300w, https:\/\/anticipaysoluciona.com\/wp-content\/uploads\/2024\/06\/FOTO-PORTADA4-1024x295.jpg 1024w, https:\/\/anticipaysoluciona.com\/wp-content\/uploads\/2024\/06\/FOTO-PORTADA4-768x221.jpg 768w, https:\/\/anticipaysoluciona.com\/wp-content\/uploads\/2024\/06\/FOTO-PORTADA4-1536x442.jpg 1536w, https:\/\/anticipaysoluciona.com\/wp-content\/uploads\/2024\/06\/FOTO-PORTADA4-2048x590.jpg 2048w, https:\/\/anticipaysoluciona.com\/wp-content\/uploads\/2024\/06\/FOTO-PORTADA4-350x100.jpg 350w\" sizes=\"auto, (max-width: 2400px) 100vw, 2400px\" \/><\/figure>\n<\/div>\n\n\n\n<div class=\"wp-block-cb-slide\">\n<figure class=\"wp-block-image aligncenter size-full is-resized\"><img loading=\"lazy\" decoding=\"async\" width=\"2400\" height=\"691\" src=\"https:\/\/anticipaysoluciona.com\/wp-content\/uploads\/2024\/06\/FOTO-PORTADA3.jpg\" alt=\"\" class=\"wp-image-237\" style=\"object-fit:cover;width:1450px;height:auto\" srcset=\"https:\/\/anticipaysoluciona.com\/wp-content\/uploads\/2024\/06\/FOTO-PORTADA3.jpg 2400w, https:\/\/anticipaysoluciona.com\/wp-content\/uploads\/2024\/06\/FOTO-PORTADA3-300x86.jpg 300w, https:\/\/anticipaysoluciona.com\/wp-content\/uploads\/2024\/06\/FOTO-PORTADA3-1024x295.jpg 1024w, https:\/\/anticipaysoluciona.com\/wp-content\/uploads\/2024\/06\/FOTO-PORTADA3-768x221.jpg 768w, https:\/\/anticipaysoluciona.com\/wp-content\/uploads\/2024\/06\/FOTO-PORTADA3-1536x442.jpg 1536w, https:\/\/anticipaysoluciona.com\/wp-content\/uploads\/2024\/06\/FOTO-PORTADA3-2048x590.jpg 2048w, https:\/\/anticipaysoluciona.com\/wp-content\/uploads\/2024\/06\/FOTO-PORTADA3-350x100.jpg 350w\" sizes=\"auto, (max-width: 2400px) 100vw, 2400px\" \/><\/figure>\n<\/div>\n\n\n\n<div class=\"wp-block-cb-slide\">\n<figure class=\"wp-block-image aligncenter size-full is-resized\"><img loading=\"lazy\" decoding=\"async\" width=\"2400\" height=\"691\" src=\"https:\/\/anticipaysoluciona.com\/wp-content\/uploads\/2024\/06\/FOTO-PORTADA2.jpg\" alt=\"\" class=\"wp-image-236\" style=\"width:1450px;height:auto\" srcset=\"https:\/\/anticipaysoluciona.com\/wp-content\/uploads\/2024\/06\/FOTO-PORTADA2.jpg 2400w, https:\/\/anticipaysoluciona.com\/wp-content\/uploads\/2024\/06\/FOTO-PORTADA2-300x86.jpg 300w, https:\/\/anticipaysoluciona.com\/wp-content\/uploads\/2024\/06\/FOTO-PORTADA2-1024x295.jpg 1024w, https:\/\/anticipaysoluciona.com\/wp-content\/uploads\/2024\/06\/FOTO-PORTADA2-768x221.jpg 768w, https:\/\/anticipaysoluciona.com\/wp-content\/uploads\/2024\/06\/FOTO-PORTADA2-1536x442.jpg 1536w, https:\/\/anticipaysoluciona.com\/wp-content\/uploads\/2024\/06\/FOTO-PORTADA2-2048x590.jpg 2048w, https:\/\/anticipaysoluciona.com\/wp-content\/uploads\/2024\/06\/FOTO-PORTADA2-350x100.jpg 350w\" sizes=\"auto, (max-width: 2400px) 100vw, 2400px\" \/><\/figure>\n<\/div>\n\n\n\n<div class=\"wp-block-cb-slide\">\n<figure class=\"wp-block-image aligncenter size-full is-resized\"><img loading=\"lazy\" decoding=\"async\" width=\"2400\" height=\"691\" src=\"https:\/\/anticipaysoluciona.com\/wp-content\/uploads\/2024\/06\/FOTO-PORTADA-1.jpg\" alt=\"\" class=\"wp-image-235\" style=\"width:1450px;height:auto\" srcset=\"https:\/\/anticipaysoluciona.com\/wp-content\/uploads\/2024\/06\/FOTO-PORTADA-1.jpg 2400w, https:\/\/anticipaysoluciona.com\/wp-content\/uploads\/2024\/06\/FOTO-PORTADA-1-300x86.jpg 300w, https:\/\/anticipaysoluciona.com\/wp-content\/uploads\/2024\/06\/FOTO-PORTADA-1-1024x295.jpg 1024w, https:\/\/anticipaysoluciona.com\/wp-content\/uploads\/2024\/06\/FOTO-PORTADA-1-768x221.jpg 768w, https:\/\/anticipaysoluciona.com\/wp-content\/uploads\/2024\/06\/FOTO-PORTADA-1-1536x442.jpg 1536w, https:\/\/anticipaysoluciona.com\/wp-content\/uploads\/2024\/06\/FOTO-PORTADA-1-2048x590.jpg 2048w, https:\/\/anticipaysoluciona.com\/wp-content\/uploads\/2024\/06\/FOTO-PORTADA-1-350x100.jpg 350w\" sizes=\"auto, (max-width: 2400px) 100vw, 2400px\" \/><\/figure>\n<\/div>\n<\/div>\n\n\n\n<div class=\"wp-block-group alignfull has-custom-fondo-perso-background-color has-background has-global-padding is-layout-constrained wp-container-core-group-is-layout-669513ed wp-block-group-is-layout-constrained\" style=\"margin-top:0;margin-bottom:0;padding-top:var(--wp--preset--spacing--50);padding-right:var(--wp--preset--spacing--50);padding-bottom:var(--wp--preset--spacing--50);padding-left:var(--wp--preset--spacing--50)\">\n<div class=\"wp-block-media-text alignfull is-stacked-on-mobile is-vertically-aligned-top\"><figure class=\"wp-block-media-text__media\"><img loading=\"lazy\" decoding=\"async\" width=\"1024\" height=\"991\" src=\"https:\/\/anticipaysoluciona.com\/wp-content\/uploads\/2024\/06\/FOTO-QUIENESSOMOS-1024x991.jpg\" alt=\"\" class=\"wp-image-234 size-full\" srcset=\"https:\/\/anticipaysoluciona.com\/wp-content\/uploads\/2024\/06\/FOTO-QUIENESSOMOS-1024x991.jpg 1024w, https:\/\/anticipaysoluciona.com\/wp-content\/uploads\/2024\/06\/FOTO-QUIENESSOMOS-300x290.jpg 300w, https:\/\/anticipaysoluciona.com\/wp-content\/uploads\/2024\/06\/FOTO-QUIENESSOMOS-768x743.jpg 768w, https:\/\/anticipaysoluciona.com\/wp-content\/uploads\/2024\/06\/FOTO-QUIENESSOMOS-1536x1486.jpg 1536w, https:\/\/anticipaysoluciona.com\/wp-content\/uploads\/2024\/06\/FOTO-QUIENESSOMOS.jpg 1600w\" sizes=\"auto, (max-width: 1024px) 100vw, 1024px\" \/><\/figure><div class=\"wp-block-media-text__content\">\n<p style=\"text-align: justify;\">Anticipa &amp; Soluciona &#8211;<strong>AS<\/strong>&#8211; es la primera empresa espa\u00f1ola dedicada \u00edntegramente a la gesti\u00f3n y resoluci\u00f3n de siniestros para empresas. Lejos de ser una corredur\u00eda de seguros tradicional, nuestros clientes contactan con nosotros s\u00f3lo en caso de necesitar soluciones a problemas de calado.<br><\/p>\n\n\n\n<p style=\"text-align: justify;\">Nuestro modelo de negocio gira en torno a resolver conflictos entre cliente y aseguradora, de forma que los derechos del asegurado prevalezcan en todo momento.<br><br><\/p>\n\n\n\n<div class=\"wp-block-buttons is-content-justification-center is-layout-flex wp-container-core-buttons-is-layout-a89b3969 wp-block-buttons-is-layout-flex\">\n<div class=\"wp-block-button has-custom-width wp-block-button__width-75\"><a class=\"wp-block-button__link wp-element-button\" href=\"https:\/\/anticipaysoluciona.com\/index.php\/acerca-de-nosotros\/\" target=\"_blank\" rel=\"noreferrer noopener\">Qui\u00e9nes somos<\/a><\/div>\n<\/div>\n<\/div><\/div>\n<\/div>\n\n\n\n<div class=\"wp-block-group alignfull has-base-background-color has-background has-global-padding is-layout-constrained wp-container-core-group-is-layout-669513ed wp-block-group-is-layout-constrained\" style=\"margin-top:0;margin-bottom:0;padding-top:var(--wp--preset--spacing--50);padding-right:var(--wp--preset--spacing--50);padding-bottom:var(--wp--preset--spacing--50);padding-left:var(--wp--preset--spacing--50)\">\n<div class=\"wp-block-media-text alignfull has-media-on-the-right is-stacked-on-mobile is-vertically-aligned-top\"><div class=\"wp-block-media-text__content\">\n<p style=\"text-align: justify;\">\u00ab<em>A\u00f1os de experiencia en el sector de la mediaci\u00f3n me llevaron a descubrir una necesidad en el d\u00eda a d\u00eda de muchos negocios. Se trataba de construir una empresa que no estuviese volcada en las labores habituales del mundo de los seguros, esto es, la producci\u00f3n, la facturaci\u00f3n y, en fin, la gesti\u00f3n de una p\u00f3liza. Se trataba de crear una empresa que estuviese enfocada diametralmente en la soluci\u00f3n de problemas, en la resoluci\u00f3n de siniestros, en hacer desaparecer los contratiempos del devenir natural de la actividad de cualquier negocio.<br>As\u00ed nace AS, como una propuesta de valor para esas empresas que ven peligrar sus negocios o que necesitan anticiparse y solucionar problemas con impacto real en sus cuentas de resultados.\u00bb<\/em><br><\/p>\n\n\n\n<p><strong>Sonia Perag\u00f3n Martos<br>Fundadora de Anticipa &amp; Soluciona<\/strong><br><br><\/p>\n<\/div><figure class=\"wp-block-media-text__media\"><img loading=\"lazy\" decoding=\"async\" width=\"683\" height=\"1024\" src=\"https:\/\/anticipaysoluciona.com\/wp-content\/uploads\/2024\/06\/Sonia-7-683x1024.jpg\" alt=\"Sonia Parag\u00f3n Fundadora AS\" class=\"wp-image-207 size-full\" srcset=\"https:\/\/anticipaysoluciona.com\/wp-content\/uploads\/2024\/06\/Sonia-7-683x1024.jpg 683w, https:\/\/anticipaysoluciona.com\/wp-content\/uploads\/2024\/06\/Sonia-7-200x300.jpg 200w, https:\/\/anticipaysoluciona.com\/wp-content\/uploads\/2024\/06\/Sonia-7-768x1152.jpg 768w, https:\/\/anticipaysoluciona.com\/wp-content\/uploads\/2024\/06\/Sonia-7.jpg 967w\" sizes=\"auto, (max-width: 683px) 100vw, 683px\" \/><\/figure><\/div>\n<\/div>\n\n\n\n<div class=\"wp-block-group alignfull has-custom-fondo-perso-background-color has-background has-global-padding is-layout-constrained wp-container-core-group-is-layout-669513ed wp-block-group-is-layout-constrained\" style=\"margin-top:0;margin-bottom:0;padding-top:var(--wp--preset--spacing--50);padding-right:var(--wp--preset--spacing--50);padding-bottom:var(--wp--preset--spacing--50);padding-left:var(--wp--preset--spacing--50)\">\n<div class=\"wp-block-media-text alignfull has-media-on-the-right is-stacked-on-mobile is-vertically-aligned-top is-image-fill\"><div class=\"wp-block-media-text__content\">\n<p class=\"has-x-large-font-size\"><strong>Nuestro equipo es nuestra mayor ventaja competitiva<\/strong><\/p>\n\n\n\n<p>Sin duda, el equipo de&nbsp;<strong>Anticipa &amp; Soluciona&nbsp;<\/strong>constituye su piedra angular y la clave de su \u00e9xito.<\/p>\n\n\n\n<p style=\"text-align: justify;\">Una amplia red de colaboradores y empleados diseminados a lo largo de la geograf\u00eda nacional con a\u00f1os de experiencia en el asesoramiento y mediaci\u00f3n son el porqu\u00e9 de la capacidad de soluci\u00f3n y anticipaci\u00f3n de AS.<\/p>\n<\/div><figure class=\"wp-block-media-text__media\" style=\"background-image:url(https:\/\/anticipaysoluciona.com\/wp-content\/uploads\/2024\/06\/FOTO-NUESTRO-EQUIPO-MEJOR-VENTAJA-1024x421.jpg);background-position:50% 50%\"><img loading=\"lazy\" decoding=\"async\" width=\"1024\" height=\"421\" src=\"https:\/\/anticipaysoluciona.com\/wp-content\/uploads\/2024\/06\/FOTO-NUESTRO-EQUIPO-MEJOR-VENTAJA-1024x421.jpg\" alt=\"\" class=\"wp-image-232 size-full\" srcset=\"https:\/\/anticipaysoluciona.com\/wp-content\/uploads\/2024\/06\/FOTO-NUESTRO-EQUIPO-MEJOR-VENTAJA-1024x421.jpg 1024w, https:\/\/anticipaysoluciona.com\/wp-content\/uploads\/2024\/06\/FOTO-NUESTRO-EQUIPO-MEJOR-VENTAJA-300x123.jpg 300w, https:\/\/anticipaysoluciona.com\/wp-content\/uploads\/2024\/06\/FOTO-NUESTRO-EQUIPO-MEJOR-VENTAJA-768x315.jpg 768w, https:\/\/anticipaysoluciona.com\/wp-content\/uploads\/2024\/06\/FOTO-NUESTRO-EQUIPO-MEJOR-VENTAJA-1536x631.jpg 1536w, https:\/\/anticipaysoluciona.com\/wp-content\/uploads\/2024\/06\/FOTO-NUESTRO-EQUIPO-MEJOR-VENTAJA-2048x841.jpg 2048w\" sizes=\"auto, (max-width: 1024px) 100vw, 1024px\" \/><\/figure><\/div>\n\n\n\n<div class=\"wp-block-buttons is-content-justification-center is-layout-flex wp-container-core-buttons-is-layout-a89b3969 wp-block-buttons-is-layout-flex\"><\/div>\n<\/div>\n\n\n\n<div class=\"wp-block-group alignfull has-base-background-color has-background has-global-padding is-layout-constrained wp-container-core-group-is-layout-669513ed wp-block-group-is-layout-constrained\" style=\"margin-top:0;margin-bottom:0;padding-top:var(--wp--preset--spacing--50);padding-right:var(--wp--preset--spacing--50);padding-bottom:var(--wp--preset--spacing--50);padding-left:var(--wp--preset--spacing--50)\">\n<div class=\"wp-block-media-text alignfull is-stacked-on-mobile is-vertically-aligned-top\"><figure class=\"wp-block-media-text__media\"><img loading=\"lazy\" decoding=\"async\" width=\"1024\" height=\"991\" src=\"https:\/\/anticipaysoluciona.com\/wp-content\/uploads\/2024\/06\/FOTO-APLACIONCOMOESTRATEGIA-1024x991.jpg\" alt=\"\" class=\"wp-image-233 size-full\" srcset=\"https:\/\/anticipaysoluciona.com\/wp-content\/uploads\/2024\/06\/FOTO-APLACIONCOMOESTRATEGIA-1024x991.jpg 1024w, https:\/\/anticipaysoluciona.com\/wp-content\/uploads\/2024\/06\/FOTO-APLACIONCOMOESTRATEGIA-300x290.jpg 300w, https:\/\/anticipaysoluciona.com\/wp-content\/uploads\/2024\/06\/FOTO-APLACIONCOMOESTRATEGIA-768x743.jpg 768w, https:\/\/anticipaysoluciona.com\/wp-content\/uploads\/2024\/06\/FOTO-APLACIONCOMOESTRATEGIA-1536x1486.jpg 1536w, https:\/\/anticipaysoluciona.com\/wp-content\/uploads\/2024\/06\/FOTO-APLACIONCOMOESTRATEGIA.jpg 1600w\" sizes=\"auto, (max-width: 1024px) 100vw, 1024px\" \/><\/figure><div class=\"wp-block-media-text__content\">\n<p style=\"text-align: justify;\">En <strong>AS<\/strong> contamos <em>con una larga lista de casos de \u00e9xito<\/em> que han supuesto un alivio para muchos de nuestros clientes y, en algunos casos, incluso la supervivencia de muchas empresas. A continuaci\u00f3n, describimos dos ejemplos.<br><\/p>\n\n\n\n<p><\/p>\n\n\n\n<div class=\"wp-block-buttons is-content-justification-center is-layout-flex wp-container-core-buttons-is-layout-a89b3969 wp-block-buttons-is-layout-flex\">\n<div class=\"wp-block-button has-custom-width wp-block-button__width-75\"><a class=\"wp-block-button__link wp-element-button\" href=\"https:\/\/anticipaysoluciona.com\/index.php\/casos-de-exito\/\" target=\"_blank\" rel=\"noreferrer noopener\"><strong>Casos de \u00e9xito<\/strong><\/a><\/div>\n<\/div>\n<\/div><\/div>\n<\/div>\n\n\n\n<div class=\"wp-block-group alignfull has-custom-fondo-perso-background-color has-background has-global-padding is-layout-constrained wp-container-core-group-is-layout-669513ed wp-block-group-is-layout-constrained\" style=\"margin-top:0;margin-bottom:0;padding-top:var(--wp--preset--spacing--50);padding-right:var(--wp--preset--spacing--50);padding-bottom:var(--wp--preset--spacing--50);padding-left:var(--wp--preset--spacing--50)\">\n<div class=\"wp-block-group alignfull has-contrast-color has-custom-fondo-perso-background-color has-text-color has-background has-link-color wp-elements-9f7e7291da8ecedd3f878b94b5e6e5d6 has-global-padding is-layout-constrained wp-container-core-group-is-layout-d89aad35 wp-block-group-is-layout-constrained\" style=\"margin-top:0;margin-bottom:0;padding-top:var(--wp--preset--spacing--50);padding-right:var(--wp--preset--spacing--50);padding-bottom:var(--wp--preset--spacing--50);padding-left:var(--wp--preset--spacing--50)\">\n<h4 class=\"wp-block-heading alignwide has-contrast-color has-text-color has-link-color wp-elements-4104d179a643ef100217abe3fe274096\" style=\"font-size:clamp(4.509rem, 4.509rem + ((1vw - 0.2rem) * 9.152), 10rem);letter-spacing:-0.02em\">FAQs<\/h4>\n\n\n\n<div class=\"wp-block-group alignwide is-layout-flow wp-block-group-is-layout-flow\">\n<hr class=\"wp-block-separator has-text-color has-base-color has-alpha-channel-opacity has-base-background-color has-background is-style-wide\"\/>\n\n\n\n<details class=\"wp-block-details is-style-arrow-icon-details has-medium-font-size is-layout-flow wp-block-details-is-layout-flow\" style=\"border-top-style:none;border-top-width:0px;border-right-style:none;border-right-width:0px;border-bottom-color:var(--wp--preset--color--base);border-bottom-style:solid;border-bottom-width:1px;border-left-style:none;border-left-width:0px;margin-top:0\"><summary><strong>\u00bfA qui\u00e9n van dirigidos los servicios de AS?<\/strong><\/summary>\n<p class=\"has-contrast-1-color has-text-color has-link-color wp-elements-80690a32c2fda96bd1240dabcc5987b2\">A toda empresa o particular que haya tenido un siniestro que su compa\u00f1\u00eda de seguros no haya resuelto de forma satisfactoria.<\/p>\n<\/details>\n\n\n\n<details class=\"wp-block-details is-style-arrow-icon-details has-medium-font-size is-layout-flow wp-block-details-is-layout-flow\" style=\"border-top-style:none;border-top-width:0px;border-right-style:none;border-right-width:0px;border-bottom-color:var(--wp--preset--color--base);border-bottom-style:solid;border-bottom-width:1px;border-left-style:none;border-left-width:0px;margin-top:0\"><summary><strong>\u00bfQui\u00e9n est\u00e1 detr\u00e1s de AS?<\/strong><\/summary>\n<p class=\"has-contrast-1-color has-text-color has-link-color wp-elements-acd17b3221f52574c39d5b15324b1c03\">Nuestro equipo cuenta con una amplia red de colaboradores y empleados formada por peritos judiciales e industriales, ingenieros, arquitectos, abogados y mediadores con un <em>know-how<\/em> diferencial en el sector.&nbsp;<\/p>\n<\/details>\n\n\n\n<details class=\"wp-block-details is-style-arrow-icon-details has-medium-font-size is-layout-flow wp-block-details-is-layout-flow\" style=\"border-top-style:none;border-top-width:0px;border-right-style:none;border-right-width:0px;border-bottom-color:var(--wp--preset--color--base);border-bottom-style:solid;border-bottom-width:1px;border-left-style:none;border-left-width:0px;margin-top:0\"><summary><strong>\u00bfSi ya trabajo con una corredur\u00eda de seguros puedo contratar los servicios de AS?<\/strong><\/summary>\n<p class=\"has-contrast-1-color has-text-color has-link-color wp-elements-2d20c75a584062a9a01c333db951789a\">S\u00ed claro, somos una empresa independiente que est\u00e1 enfocada exclusivamente en la resoluci\u00f3n de conflictos cliente-seguradora.<\/p>\n<\/details>\n\n\n\n<details class=\"wp-block-details is-style-arrow-icon-details has-medium-font-size is-layout-flow wp-block-details-is-layout-flow\" style=\"border-top-style:none;border-top-width:0px;border-right-style:none;border-right-width:0px;border-bottom-color:var(--wp--preset--color--base);border-bottom-style:solid;border-bottom-width:1px;border-left-style:none;border-left-width:0px;margin-top:0\"><summary><strong>\u00bfPuedo solicitar formar parte del equipo?<\/strong><\/summary>\n<p class=\"has-contrast-1-color has-text-color has-link-color wp-elements-f4c52cfa293eb90c4680823f23cceb40\">Encantados de que contactes con nosotros.<\/p>\n<\/details>\n<\/div>\n<\/div>\n\n\n\n<div class=\"wp-block-buttons is-content-justification-center is-layout-flex wp-container-core-buttons-is-layout-23a043ba wp-block-buttons-is-layout-flex\">\n<div class=\"wp-block-button has-custom-width wp-block-button__width-75\"><a class=\"wp-block-button__link wp-element-button\" href=\"https:\/\/anticipaysoluciona.com\/index.php\/contacta-con-nosotros\/\" target=\"_blank\" rel=\"noreferrer noopener\">Contacta con nosotros<\/a><\/div>\n<\/div>\n<\/div>\n","protected":false},"excerpt":{"rendered":"<p>Anticipa &amp; Soluciona &#8211;AS&#8211; es la primera empresa espa\u00f1ola dedicada \u00edntegramente a la gesti\u00f3n y resoluci\u00f3n de siniestros para empresas. Lejos de ser una corredur\u00eda de seguros tradicional, nuestros clientes contactan con nosotros s\u00f3lo en caso de necesitar soluciones a problemas de calado. Nuestro modelo de negocio gira en torno a resolver conflictos entre cliente [&hellip;]<\/p>\n","protected":false},"author":3,"featured_media":0,"parent":0,"menu_order":0,"comment_status":"closed","ping_status":"closed","template":"","meta":{"om_disable_all_campaigns":false,"_monsterinsights_skip_tracking":false,"_monsterinsights_sitenote_active":false,"_monsterinsights_sitenote_note":"","_monsterinsights_sitenote_category":0,"footnotes":""},"class_list":["post-8","page","type-page","status-publish","hentry"],"aioseo_notices":[],"_links":{"self":[{"href":"https:\/\/anticipaysoluciona.com\/index.php\/wp-json\/wp\/v2\/pages\/8","targetHints":{"allow":["GET"]}}],"collection":[{"href":"https:\/\/anticipaysoluciona.com\/index.php\/wp-json\/wp\/v2\/pages"}],"about":[{"href":"https:\/\/anticipaysoluciona.com\/index.php\/wp-json\/wp\/v2\/types\/page"}],"author":[{"embeddable":true,"href":"https:\/\/anticipaysoluciona.com\/index.php\/wp-json\/wp\/v2\/users\/3"}],"replies":[{"embeddable":true,"href":"https:\/\/anticipaysoluciona.com\/index.php\/wp-json\/wp\/v2\/comments?post=8"}],"version-history":[{"count":96,"href":"https:\/\/anticipaysoluciona.com\/index.php\/wp-json\/wp\/v2\/pages\/8\/revisions"}],"predecessor-version":[{"id":363,"href":"https:\/\/anticipaysoluciona.com\/index.php\/wp-json\/wp\/v2\/pages\/8\/revisions\/363"}],"wp:attachment":[{"href":"https:\/\/anticipaysoluciona.com\/index.php\/wp-json\/wp\/v2\/media?parent=8"}],"curies":[{"name":"wp","href":"https:\/\/api.w.org\/{rel}","templated":true}]}}