{"id":59,"date":"2024-02-15T13:03:51","date_gmt":"2024-02-15T12:03:51","guid":{"rendered":"https:\/\/anticipaysoluciona.com\/?page_id=59"},"modified":"2024-07-01T18:35:00","modified_gmt":"2024-07-01T16:35:00","slug":"casos-de-exito","status":"publish","type":"page","link":"https:\/\/anticipaysoluciona.com\/index.php\/casos-de-exito\/","title":{"rendered":"Casos de \u00e9xito"},"content":{"rendered":"\n<figure class=\"wp-block-image alignfull size-full is-style-default\"><img loading=\"lazy\" decoding=\"async\" width=\"2400\" height=\"691\" src=\"https:\/\/anticipaysoluciona.com\/wp-content\/uploads\/2024\/06\/FOTO-PORTADA-CASOS-DE-EXITO.jpg\" alt=\"\" class=\"wp-image-302\" srcset=\"https:\/\/anticipaysoluciona.com\/wp-content\/uploads\/2024\/06\/FOTO-PORTADA-CASOS-DE-EXITO.jpg 2400w, https:\/\/anticipaysoluciona.com\/wp-content\/uploads\/2024\/06\/FOTO-PORTADA-CASOS-DE-EXITO-300x86.jpg 300w, https:\/\/anticipaysoluciona.com\/wp-content\/uploads\/2024\/06\/FOTO-PORTADA-CASOS-DE-EXITO-1024x295.jpg 1024w, https:\/\/anticipaysoluciona.com\/wp-content\/uploads\/2024\/06\/FOTO-PORTADA-CASOS-DE-EXITO-768x221.jpg 768w, https:\/\/anticipaysoluciona.com\/wp-content\/uploads\/2024\/06\/FOTO-PORTADA-CASOS-DE-EXITO-1536x442.jpg 1536w, https:\/\/anticipaysoluciona.com\/wp-content\/uploads\/2024\/06\/FOTO-PORTADA-CASOS-DE-EXITO-2048x590.jpg 2048w, https:\/\/anticipaysoluciona.com\/wp-content\/uploads\/2024\/06\/FOTO-PORTADA-CASOS-DE-EXITO-350x100.jpg 350w\" sizes=\"auto, (max-width: 2400px) 100vw, 2400px\" \/><\/figure>\n\n\n\n<div class=\"wp-block-group alignfull has-custom-fondo-perso-background-color has-background has-global-padding is-layout-constrained wp-container-core-group-is-layout-669513ed wp-block-group-is-layout-constrained\" style=\"margin-top:0;margin-bottom:0;padding-top:var(--wp--preset--spacing--50);padding-right:var(--wp--preset--spacing--50);padding-bottom:var(--wp--preset--spacing--50);padding-left:var(--wp--preset--spacing--50)\">\n<div class=\"wp-block-columns alignwide is-layout-flex wp-container-core-columns-is-layout-28f84493 wp-block-columns-is-layout-flex\">\n<div class=\"wp-block-column is-layout-flow wp-block-column-is-layout-flow\" style=\"flex-basis:40%\">\n<p class=\"has-large-font-size wp-container-content-0733e5d0\"><strong>Tienda de muebles de lujo en Marbella<\/strong><\/p>\n<\/div>\n\n\n\n<div class=\"wp-block-column is-layout-flow wp-block-column-is-layout-flow\" style=\"flex-basis:60%\">\n<p style=\"text-align: justify;\" class=\"has-heading-font-family has-medium-font-size\" style=\"line-height:1.2\">Una inundaci\u00f3n del <em>show-room <\/em>de una afamada tienda de muebles de lujo marbell\u00ed ha constituido un reciente caso de \u00e9xito de<strong> AS. <\/strong>El local qued\u00f3 totalmente anegado durante algunas horas con los consecuentes da\u00f1os en muebles, sillas, mobiliario y resto de continente.<\/p>\n\n\n\n<p style=\"text-align: justify;\" class=\"has-heading-font-family has-medium-font-size\" style=\"line-height:1.2\">Desafortunadamente, la compa\u00f1\u00eda de seguros excluy\u00f3 en primera instancia el siniestro por falta de cobertura. Sin embargo, tras el estudio exhaustivo de <strong>AS <\/strong>y su correspondiente gesti\u00f3n del caso, la compa\u00f1\u00eda termin\u00f3 indemnizando por el total solicitado por la clienta.<\/p>\n<\/div>\n<\/div>\n\n\n\n<figure class=\"wp-block-image alignfull size-large is-style-default\"><img loading=\"lazy\" decoding=\"async\" width=\"1024\" height=\"517\" src=\"https:\/\/anticipaysoluciona.com\/wp-content\/uploads\/2024\/06\/FOTO-marbella-1024x517.jpg\" alt=\"\" class=\"wp-image-231\" srcset=\"https:\/\/anticipaysoluciona.com\/wp-content\/uploads\/2024\/06\/FOTO-marbella-1024x517.jpg 1024w, https:\/\/anticipaysoluciona.com\/wp-content\/uploads\/2024\/06\/FOTO-marbella-300x152.jpg 300w, https:\/\/anticipaysoluciona.com\/wp-content\/uploads\/2024\/06\/FOTO-marbella-768x388.jpg 768w, https:\/\/anticipaysoluciona.com\/wp-content\/uploads\/2024\/06\/FOTO-marbella-1536x776.jpg 1536w, https:\/\/anticipaysoluciona.com\/wp-content\/uploads\/2024\/06\/FOTO-marbella.jpg 1914w\" sizes=\"auto, (max-width: 1024px) 100vw, 1024px\" \/><\/figure>\n<\/div>\n\n\n\n<div class=\"wp-block-group alignfull has-global-padding is-layout-constrained wp-container-core-group-is-layout-d89aad35 wp-block-group-is-layout-constrained\" style=\"margin-top:0;margin-bottom:0;padding-top:var(--wp--preset--spacing--50);padding-right:var(--wp--preset--spacing--50);padding-bottom:var(--wp--preset--spacing--50);padding-left:var(--wp--preset--spacing--50)\">\n<div class=\"wp-block-columns alignwide is-layout-flex wp-container-core-columns-is-layout-549b0c86 wp-block-columns-is-layout-flex\">\n<div class=\"wp-block-column has-global-padding is-content-justification-left is-layout-constrained wp-container-core-column-is-layout-4f15e8fe wp-block-column-is-layout-constrained\" style=\"flex-basis:40%\">\n<p class=\"has-large-font-size\"><strong>Empresa de construcci\u00f3n<\/strong><\/p>\n<\/div>\n\n\n\n<div class=\"wp-block-column is-layout-flow wp-container-core-column-is-layout-119bc444 wp-block-column-is-layout-flow\" style=\"flex-basis:60%\">\n<p style=\"text-align: justify;\" class=\"has-heading-font-family has-medium-font-size\" style=\"line-height:1.2\">Un inoportuno accidente deja inservible una gr\u00faa de obra de gran dimensi\u00f3n. El cliente entr\u00f3 en contacto con <strong>AS <\/strong>porque la compa\u00f1\u00eda de seguros s\u00f3lo le ofrec\u00eda una tasaci\u00f3n del activo por debajo del 50%. Sin embargo, despu\u00e9s de una ardua gesti\u00f3n, peritaciones y meses de negociaci\u00f3n, el cliente consigui\u00f3 el valor real de la m\u00e1quina sin la depreciaci\u00f3n aplicada por la compa\u00f1\u00eda de seguros.<\/p>\n<\/div>\n<\/div>\n\n\n\n<figure class=\"wp-block-image alignfull size-large is-style-default\"><img loading=\"lazy\" decoding=\"async\" width=\"1024\" height=\"421\" src=\"https:\/\/anticipaysoluciona.com\/wp-content\/uploads\/2024\/06\/CAMIONES-GRUAS-II-1024x421.jpg\" alt=\"\" class=\"wp-image-316\" srcset=\"https:\/\/anticipaysoluciona.com\/wp-content\/uploads\/2024\/06\/CAMIONES-GRUAS-II-1024x421.jpg 1024w, https:\/\/anticipaysoluciona.com\/wp-content\/uploads\/2024\/06\/CAMIONES-GRUAS-II-300x123.jpg 300w, https:\/\/anticipaysoluciona.com\/wp-content\/uploads\/2024\/06\/CAMIONES-GRUAS-II-768x316.jpg 768w, https:\/\/anticipaysoluciona.com\/wp-content\/uploads\/2024\/06\/CAMIONES-GRUAS-II.jpg 1177w\" sizes=\"auto, (max-width: 1024px) 100vw, 1024px\" \/><\/figure>\n<\/div>\n","protected":false},"excerpt":{"rendered":"<p>Tienda de muebles de lujo en Marbella Una inundaci\u00f3n del show-room de una afamada tienda de muebles de lujo marbell\u00ed ha constituido un reciente caso de \u00e9xito de AS. El local qued\u00f3 totalmente anegado durante algunas horas con los consecuentes da\u00f1os en muebles, sillas, mobiliario y resto de continente. Desafortunadamente, la compa\u00f1\u00eda de seguros excluy\u00f3 [&hellip;]<\/p>\n","protected":false},"author":3,"featured_media":0,"parent":0,"menu_order":0,"comment_status":"closed","ping_status":"closed","template":"","meta":{"om_disable_all_campaigns":false,"_monsterinsights_skip_tracking":false,"_monsterinsights_sitenote_active":false,"_monsterinsights_sitenote_note":"","_monsterinsights_sitenote_category":0,"footnotes":""},"class_list":["post-59","page","type-page","status-publish","hentry"],"aioseo_notices":[],"_links":{"self":[{"href":"https:\/\/anticipaysoluciona.com\/index.php\/wp-json\/wp\/v2\/pages\/59","targetHints":{"allow":["GET"]}}],"collection":[{"href":"https:\/\/anticipaysoluciona.com\/index.php\/wp-json\/wp\/v2\/pages"}],"about":[{"href":"https:\/\/anticipaysoluciona.com\/index.php\/wp-json\/wp\/v2\/types\/page"}],"author":[{"embeddable":true,"href":"https:\/\/anticipaysoluciona.com\/index.php\/wp-json\/wp\/v2\/users\/3"}],"replies":[{"embeddable":true,"href":"https:\/\/anticipaysoluciona.com\/index.php\/wp-json\/wp\/v2\/comments?post=59"}],"version-history":[{"count":23,"href":"https:\/\/anticipaysoluciona.com\/index.php\/wp-json\/wp\/v2\/pages\/59\/revisions"}],"predecessor-version":[{"id":345,"href":"https:\/\/anticipaysoluciona.com\/index.php\/wp-json\/wp\/v2\/pages\/59\/revisions\/345"}],"wp:attachment":[{"href":"https:\/\/anticipaysoluciona.com\/index.php\/wp-json\/wp\/v2\/media?parent=59"}],"curies":[{"name":"wp","href":"https:\/\/api.w.org\/{rel}","templated":true}]}}