{"id":42,"date":"2024-02-14T15:56:20","date_gmt":"2024-02-14T14:56:20","guid":{"rendered":"https:\/\/anticipaysoluciona.com\/?page_id=42"},"modified":"2025-10-14T15:39:37","modified_gmt":"2025-10-14T13:39:37","slug":"acerca-de-nosotros","status":"publish","type":"page","link":"https:\/\/anticipaysoluciona.com\/index.php\/acerca-de-nosotros\/","title":{"rendered":"Acerca de nosotros"},"content":{"rendered":"\n<figure class=\"wp-block-image alignfull size-full\"><img loading=\"lazy\" decoding=\"async\" width=\"2400\" height=\"691\" src=\"https:\/\/anticipaysoluciona.com\/wp-content\/uploads\/2024\/06\/FOTO-acerca-de-nosotros.jpg\" alt=\"\" class=\"wp-image-295\" srcset=\"https:\/\/anticipaysoluciona.com\/wp-content\/uploads\/2024\/06\/FOTO-acerca-de-nosotros.jpg 2400w, https:\/\/anticipaysoluciona.com\/wp-content\/uploads\/2024\/06\/FOTO-acerca-de-nosotros-300x86.jpg 300w, https:\/\/anticipaysoluciona.com\/wp-content\/uploads\/2024\/06\/FOTO-acerca-de-nosotros-1024x295.jpg 1024w, https:\/\/anticipaysoluciona.com\/wp-content\/uploads\/2024\/06\/FOTO-acerca-de-nosotros-768x221.jpg 768w, https:\/\/anticipaysoluciona.com\/wp-content\/uploads\/2024\/06\/FOTO-acerca-de-nosotros-1536x442.jpg 1536w, https:\/\/anticipaysoluciona.com\/wp-content\/uploads\/2024\/06\/FOTO-acerca-de-nosotros-2048x590.jpg 2048w\" sizes=\"auto, (max-width: 2400px) 100vw, 2400px\" \/><\/figure>\n\n\n\n<p style=\"text-align: justify;\"><strong>Anticipa y Soluciona<\/strong> -AS- es la primera empresa espa\u00f1ola dedicada \u00edntegramente a la gesti\u00f3n y resoluci\u00f3n de siniestros para empresas. Con cerca de dos d\u00e9cadas de bagaje, contamos con una capacidad de asesoramiento \u00fanica en el mercado gracias a nuestro <em>expert\u00eds<\/em> y a nuestra red de colaboradores.<\/p>\n\n\n\n<p style=\"text-align: justify;\">Lejos de ser una corredur\u00eda de seguros tradicional, nuestros clientes contactan con nosotros s\u00f3lo en caso de necesitar soluciones a problemas de calado, que las compa\u00f1\u00edas de seguros no han solucionado correctamente. De esta forma, nos convertimos en un AS en la manga de muchas empresas en el \u00e1mbito nacional e internacional ante situaciones de riesgo.<\/p>\n\n\n\n<p style=\"text-align: justify;\">Nuestro modelo de negocio gira en torno a resolver conflictos entre cliente y aseguradora, de forma que los derechos del asegurado prevalezcan en todo momento.<\/p>\n","protected":false},"excerpt":{"rendered":"<p>Anticipa y Soluciona -AS- es la primera empresa espa\u00f1ola dedicada \u00edntegramente a la gesti\u00f3n y resoluci\u00f3n de siniestros para empresas. Con cerca de dos d\u00e9cadas de bagaje, contamos con una capacidad de asesoramiento \u00fanica en el mercado gracias a nuestro expert\u00eds y a nuestra red de colaboradores. Lejos de ser una corredur\u00eda de seguros tradicional, [&hellip;]<\/p>\n","protected":false},"author":3,"featured_media":0,"parent":0,"menu_order":0,"comment_status":"closed","ping_status":"closed","template":"","meta":{"om_disable_all_campaigns":false,"_monsterinsights_skip_tracking":false,"_monsterinsights_sitenote_active":false,"_monsterinsights_sitenote_note":"","_monsterinsights_sitenote_category":0,"footnotes":""},"class_list":["post-42","page","type-page","status-publish","hentry"],"aioseo_notices":[],"_links":{"self":[{"href":"https:\/\/anticipaysoluciona.com\/index.php\/wp-json\/wp\/v2\/pages\/42","targetHints":{"allow":["GET"]}}],"collection":[{"href":"https:\/\/anticipaysoluciona.com\/index.php\/wp-json\/wp\/v2\/pages"}],"about":[{"href":"https:\/\/anticipaysoluciona.com\/index.php\/wp-json\/wp\/v2\/types\/page"}],"author":[{"embeddable":true,"href":"https:\/\/anticipaysoluciona.com\/index.php\/wp-json\/wp\/v2\/users\/3"}],"replies":[{"embeddable":true,"href":"https:\/\/anticipaysoluciona.com\/index.php\/wp-json\/wp\/v2\/comments?post=42"}],"version-history":[{"count":16,"href":"https:\/\/anticipaysoluciona.com\/index.php\/wp-json\/wp\/v2\/pages\/42\/revisions"}],"predecessor-version":[{"id":381,"href":"https:\/\/anticipaysoluciona.com\/index.php\/wp-json\/wp\/v2\/pages\/42\/revisions\/381"}],"wp:attachment":[{"href":"https:\/\/anticipaysoluciona.com\/index.php\/wp-json\/wp\/v2\/media?parent=42"}],"curies":[{"name":"wp","href":"https:\/\/api.w.org\/{rel}","templated":true}]}}