{"id":100,"date":"2024-04-04T21:01:39","date_gmt":"2024-04-04T19:01:39","guid":{"rendered":"https:\/\/anticipaysoluciona.com\/?page_id=100"},"modified":"2024-07-01T15:47:32","modified_gmt":"2024-07-01T13:47:32","slug":"politica-de-privacidad","status":"publish","type":"page","link":"https:\/\/anticipaysoluciona.com\/index.php\/politica-de-privacidad\/","title":{"rendered":"Pol\u00edtica de privacidad"},"content":{"rendered":"\n<figure class=\"wp-block-image alignfull size-full\"><img loading=\"lazy\" decoding=\"async\" width=\"2400\" height=\"691\" src=\"https:\/\/anticipaysoluciona.com\/wp-content\/uploads\/2024\/06\/FOTO-privacidad.jpg\" alt=\"\" class=\"wp-image-301\" srcset=\"https:\/\/anticipaysoluciona.com\/wp-content\/uploads\/2024\/06\/FOTO-privacidad.jpg 2400w, https:\/\/anticipaysoluciona.com\/wp-content\/uploads\/2024\/06\/FOTO-privacidad-300x86.jpg 300w, https:\/\/anticipaysoluciona.com\/wp-content\/uploads\/2024\/06\/FOTO-privacidad-1024x295.jpg 1024w, https:\/\/anticipaysoluciona.com\/wp-content\/uploads\/2024\/06\/FOTO-privacidad-768x221.jpg 768w, https:\/\/anticipaysoluciona.com\/wp-content\/uploads\/2024\/06\/FOTO-privacidad-1536x442.jpg 1536w, https:\/\/anticipaysoluciona.com\/wp-content\/uploads\/2024\/06\/FOTO-privacidad-2048x590.jpg 2048w, https:\/\/anticipaysoluciona.com\/wp-content\/uploads\/2024\/06\/FOTO-privacidad-350x100.jpg 350w\" sizes=\"auto, (max-width: 2400px) 100vw, 2400px\" \/><\/figure>\n\n\n\n<div class=\"wp-block-group alignfull has-accent-background-color has-background has-global-padding is-layout-constrained wp-container-core-group-is-layout-669513ed wp-block-group-is-layout-constrained\" style=\"margin-top:0;margin-bottom:0;padding-top:var(--wp--preset--spacing--50);padding-right:var(--wp--preset--spacing--50);padding-bottom:var(--wp--preset--spacing--50);padding-left:var(--wp--preset--spacing--50)\">\n<p><strong>INFORMACI\u00d3N B\u00c1SICA DE PROTECCI\u00d3N DE DATOS&nbsp;<\/strong><\/p>\n\n\n\n<figure class=\"wp-block-table\"><table><thead><tr><td><strong>Responsable<\/strong><\/td><td>SON &amp; GIN INVESTMENTS S.L.<\/td><\/tr><tr><td><strong>Finalidad<\/strong><\/td><td>Atender las solicitudes de compra realizadas por la web, gestionar el env\u00edo de informaci\u00f3n y de los pedidos de compra, realizar tr\u00e1mites relacionados con la relaci\u00f3n comercial establecida con el cliente.<\/td><\/tr><tr><td><strong>Legitimaci\u00f3n<\/strong><\/td><td>Consentimiento del interesado.<\/td><\/tr><tr><td><strong>Destinatarios<\/strong><\/td><td>No se ceder\u00e1n datos a terceros salvo obligaci\u00f3n legal, que la transacci\u00f3n comercial lo requiera o en el supuesto que sea necesario para atender su solicitud.<\/td><\/tr><tr><td><strong>Derechos<\/strong><\/td><td>Podr\u00e1 ejercer los derechos de acceso, rectificaci\u00f3n, supresi\u00f3n y oposici\u00f3n, limitaci\u00f3n del tratamiento, portabilidad de datos y a no ser objeto de decisiones individualizadas automatizadas.<\/td><\/tr><tr><td><strong>Informaci\u00f3n adicional<\/strong><\/td><td>Puede consultar la informaci\u00f3n adicional sobre protecci\u00f3n de Datos en nuestra web.<\/td><\/tr><\/thead><\/table><\/figure>\n\n\n\n<p>SON &amp; GIN INVESTMENTS S.L., en adelante ANTICIPAYSOLUCIONA.COM, se compromete a cumplir la legislaci\u00f3n vigente en cada momento en materia de tratamiento de datos de car\u00e1cter personal. Mediante la siguiente pol\u00edtica de privacidad ANTICIPAYSOLUCIONA.COM , de conformidad con los requisitos previstos en el RGPD informa a los usuarios de:<\/p>\n\n\n\n<hr class=\"wp-block-separator has-alpha-channel-opacity\"\/>\n\n\n\n<h3 class=\"wp-block-heading\"><strong>1. \u00bfQUI\u00c9N ES EL RESPONSABLE DEL TRATAMIENTO DE SUS DATOS?<\/strong><\/h3>\n\n\n\n<p>El responsable del tratamiento de sus datos es SON &amp; GIN INVESTMENTS S.L.<\/p>\n\n\n\n<div class=\"wp-block-columns is-layout-flex wp-container-core-columns-is-layout-28f84493 wp-block-columns-is-layout-flex\">\n<div class=\"wp-block-column is-layout-flow wp-block-column-is-layout-flow\" style=\"flex-basis:100%\">\n<figure class=\"wp-block-table\"><table><thead><tr><td><strong>Identidad<\/strong><\/td><td>SON &amp; GIN INVESTMENTS S.L. &#8211; B13751151<\/td><\/tr><tr><td><strong>Direcci\u00f3n<\/strong><\/td><td>Guillermina Medrano n\u00ba3, 28529 Rivas-Vaciamadrid Madrid<\/td><\/tr><tr><td><strong>Tel\u00e9fono<\/strong><\/td><td>+34 690 81 58 09<\/td><\/tr><tr><td><strong>Web<\/strong><\/td><td>anticipaysoluciona.com<\/td><\/tr><tr><td><strong>Correo-e<\/strong><\/td><td>sonia@anticipaysoluciona.com<\/td><\/tr><\/thead><\/table><\/figure>\n<\/div>\n<\/div>\n\n\n\n<p>ATICIPAYSOLUCIONA.COM informa al usuario que los datos que nos facilite a trav\u00e9s de la navegaci\u00f3n por nuestra web, el formulario de contacto o en el env\u00edo de correos electr\u00f3nicos, van a ser tratados por ATICIPAYSOLUCIONA.COM  y que dicho tratamiento se encuentra recogido en el Registro de Actividades de tratamiento gestionado por ATICIPAYSOLUCIONA.COM conforme a lo establecido en el RGPD.<\/p>\n\n\n\n<hr class=\"wp-block-separator has-alpha-channel-opacity\"\/>\n\n\n\n<h3 class=\"wp-block-heading\"><strong>2. \u00bfPARA QU\u00c9 SE UTILIZAN SUS DATOS PERSONALES?<\/strong><\/h3>\n\n\n\n<p>En ANTICIPAYSOLUCIONA.COM cuando el usuario acepta nuestra pol\u00edtica de privacidad nos autoriza a utilizar y tratar los datos personales suministrados para:<\/p>\n\n\n\n<ul class=\"wp-block-list\">\n<li>Remitirle la informaci\u00f3n y prestarle el servicio que soliciten mediante los diversos formularios disponibles en nuestra web.<\/li>\n\n\n\n<li>Facilitarle informaci\u00f3n sobre las ofertas, productos y servicios solicitados.<\/li>\n\n\n\n<li>Ocasionalmente, ANTICIPAYSOLUCIONA.COM podr\u00e1 utilizar sus datos de car\u00e1cter personal para enviarle notificaciones por medio de correo electr\u00f3nico. Dichas notificaciones se har\u00e1n para informar sobre las modificaciones en nuestros servicios o productos o en nuestras pol\u00edticas condiciones legales.<\/li>\n<\/ul>\n\n\n\n<p>ANTICIPAYSOLUCIONA.COM tambi\u00e9n recoge informaci\u00f3n de los usuarios de la web no facilitada directamente por ellos mediante cookies. Los datos recogidos a trav\u00e9s de las cookies y otros dispositivos ser\u00e1n utilizados para estudios estad\u00edsticos y an\u00e1lisis de perfiles con la finalidad de prestar un mejor servicio a trav\u00e9s de nuestra web, para lo que se utilizar\u00e1 la aplicaci\u00f3n GOOGLE ANALYTICS, que es una herramienta de Google para ayudar a analizar a los propietarios de los sitios web el modo en que sus visitantes interact\u00faan con sus propiedades. Puede obtener m\u00e1s informaci\u00f3n de su pol\u00edtica de privacidad en <a href=\"https:\/\/www.google.es\/intl\/es_ALL\/analytics\/learn\/privacy.html\">https:\/\/www.google.es\/intl\/es_ALL\/analytics\/learn\/privacy.html<\/a><\/p>\n\n\n\n<p>Google, incluidas todas sus herramientas, cumplen con el marco EU-US Privacy Shield Framework, de conformidad con lo establecido por el Departamento de Comercio de los Estados Unidos en lo que respecta a la recogida, utilizaci\u00f3n y conservaci\u00f3n de la informaci\u00f3n personal de pa\u00edses miembros de la Uni\u00f3n Europea.<\/p>\n\n\n\n<p>ANTICIPAYSOLUCIONA.COM procurar\u00e1 en todo momento establecer mecanismos adecuados para obtener el consentimiento del Usuario para la instalaci\u00f3n de cookies que lo requieran. Cuando un usuario accede a nuestra web aparece un pop-up en el que se informa de la existencia de cookies y de que si contin\u00faa navegando por nuestra p\u00e1gina presta su consentimiento para la instalaci\u00f3n de cookies. La aceptaci\u00f3n de la instalaci\u00f3n de las cookies conlleva la aceptaci\u00f3n de la conservaci\u00f3n de la direcci\u00f3n IP en los registros de www.idecogestion.net, junto con la fecha de aceptaci\u00f3n, por el plazo de un a\u00f1o, con la finalidad de demostrar el consentimiento prestado.&nbsp; Puede obtener m\u00e1s informaci\u00f3n en nuestra \u201cPol\u00edtica de Cookies\u201d.<\/p>\n\n\n\n<h3 class=\"wp-block-heading\"><strong>3. \u00bfCUAL ES LA LEGITIMACI\u00d3N PARA EL TRATAMIENTO DE SUS DATOS?<\/strong><\/h3>\n\n\n\n<p>La legitimaci\u00f3n para el tratamiento de sus datos por parte de ANTICIPAYSOLUCIONA.COM se basa en:<\/p>\n\n\n\n<ul class=\"wp-block-list\">\n<li>En la&nbsp;<strong>ejecuci\u00f3n de un precontrato\/contrato<\/strong>&nbsp;para remitirle la informaci\u00f3n y prestarle el servicio solicitado, para la gesti\u00f3n de sus tr\u00e1mites, no siendo posible su realizaci\u00f3n en caso contrario.<\/li>\n<\/ul>\n\n\n\n<hr class=\"wp-block-separator has-alpha-channel-opacity\"\/>\n\n\n\n<h3 class=\"wp-block-heading\"><strong>4. \u00bfPOR CU\u00c1NTO TIEMPO CONSERVAMOS SUS DATOS?<\/strong><\/h3>\n\n\n\n<p>Los datos para remitirle la informaci\u00f3n o prestarle el servicio que soliciten mediante los diversos formularios disponibles en nuestra web, para gestionar sus tr\u00e1mites ser\u00e1n conservados durante el tiempo que la relaci\u00f3n contractual se encuentre vigente, y una vez finalizada durante el plazo de prescripci\u00f3n legales.<\/p>\n\n\n\n<p>Los datos tratados para la gesti\u00f3n de los servicios solicitados ser\u00e1n conservados en tanto en cuanto el usuario no revoque el&nbsp; consentimiento prestado y durante el plazo m\u00ednimo que la ley determine para esto servicios..<\/p>\n\n\n\n<p>La direcci\u00f3n IP obtenida a trav\u00e9s de las cookies tendr\u00e1 un plazo de conservaci\u00f3n de un a\u00f1o, con la finalidad de demostrar el consentimiento del usuario.<\/p>\n\n\n\n<p>En cuanto al plazo de conservaci\u00f3n de las cookies, puede obtener m\u00e1s informaci\u00f3n en nuestra web en el apartado \u201cPol\u00edtica de cookies\u201d<\/p>\n\n\n\n<hr class=\"wp-block-separator has-alpha-channel-opacity\"\/>\n\n\n\n<h3 class=\"wp-block-heading\"><strong>5. \u00bfQU\u00c9 TIPO DE DATOS TRATAMOS DE NUESTROS USUARIOS?<\/strong><\/h3>\n\n\n\n<p>ANTICIPAYSOLUCIONA.COM trata las siguientes categor\u00edas de datos:<\/p>\n\n\n\n<ol class=\"wp-block-list\">\n<li><strong>Datos de los usuarios que rellenan cualquiera de los formularios disponibles:&nbsp;<\/strong>Los datos personales que ANTICIPAYSOLUCIONA.COM solicita incluyen:<\/li>\n<\/ol>\n\n\n\n<ul class=\"wp-block-list\">\n<li><strong>Datos identificativos:&nbsp;<\/strong>nombre y apellidos, tel\u00e9fono, direcci\u00f3n postal y electr\u00f3nica<\/li>\n\n\n\n<li><strong>Datos relativos a la solicitud<\/strong><\/li>\n<\/ul>\n\n\n\n<ol class=\"wp-block-list\">\n<li><strong>Datos de los usuarios que navegan por nuestra web: Datos proporcionados por las cookies y por Google Analytics.<\/strong><\/li>\n<\/ol>\n\n\n\n<p><strong>S\u00f3lo los mayores de 16 a\u00f1os<\/strong>&nbsp;pueden facilitar datos a trav\u00e9s de nuestra web. Si eres menor de esta edad deber\u00e1s contar con el consentimiento de tus padres o tutores legales.<\/p>\n\n\n\n<p>El Usuario garantiza la autenticidad y actualidad de todos aquellos datos que comunique a ANTICIPAYSOLUCIONA.COM y declara que es mayor de 16 a\u00f1os, y ser\u00e1 el \u00fanico responsable de las manifestaciones falsas o inexactas que realice.<\/p>\n\n\n\n<p>Los datos de car\u00e1cter personal tratados por ANTICIPAYSOLUCIONA.COM pueden ser obligatorios o voluntarios.<\/p>\n\n\n\n<p>La informaci\u00f3n voluntaria es aquella que el usuario no est\u00e1 obligado a facilitar para contactar con nosotros y contratar los servicios<\/p>\n\n\n\n<p>Los campos marcados con un asterisco (*) o con la palabra (requerido) en nuestros formularios son de cumplimentaci\u00f3n obligatoria, la negativa a suministrarlos supondr\u00e1 la imposibilidad de prestarle el servicio o atender su solicitud.<\/p>\n\n\n\n<p>En el caso que nos facilites datos de terceros, manifiestas contar con el consentimiento de los mismos y te comprometes a trasladarle la informaci\u00f3n que te facilitamos en esta cl\u00e1usula, eximiendo a ANTICIPAYSOLUCIONA.COM de cualquier tipo de obligaci\u00f3n. No obstante ANTICIPAYSOLUCIONA.COM podr\u00e1 llevar a cabo verificaciones para constatar que el tercero ha sido informado adoptando las medidas de diligencia establecidas en la normativa de protecci\u00f3n de datos.<\/p>\n\n\n\n<hr class=\"wp-block-separator has-alpha-channel-opacity\"\/>\n\n\n\n<h3 class=\"wp-block-heading\"><strong>6. \u00bfA QU\u00c9 DESTINATARIOS SE COMUNICAR\u00c1N SUS DATOS?<\/strong><\/h3>\n\n\n\n<p>No se ceder\u00e1n datos a terceros salvo obligaci\u00f3n legal o en el supuesto que sea necesario para atender su solicitud.<\/p>\n\n\n\n<h3 class=\"wp-block-heading\"><strong>7. \u00bfQU\u00c9 DERECHOS LE ASISTEN Y C\u00d3MO PUEDE EJERCITARLOS?<\/strong><\/h3>\n\n\n\n<p>El usuario puede ejercer los siguiente derechos ante ANTICIPAYSOLUCIONA.COM:<\/p>\n\n\n\n<ol class=\"wp-block-list\">\n<li>Acceder a sus datos personales<\/li>\n\n\n\n<li>Rectificarlos cuando son inexactos o incompletos<\/li>\n\n\n\n<li>Solicitar la supresi\u00f3n o cancelaci\u00f3n de los datos cuando, entre otros motivos hayan dejado de ser necesarios para los fines para los que fueron recogidos<\/li>\n\n\n\n<li>Oponerse a su tratamiento<\/li>\n\n\n\n<li>Pedir la limitaci\u00f3n del tratamiento de sus datos cuando se den alguna de las condiciones previstas en la normativa<\/li>\n\n\n\n<li>Solicitar la portabilidad de sus datos en los casos previstos en la normativa<\/li>\n\n\n\n<li>Impedir ser objeto de decisiones automatizadas<\/li>\n\n\n\n<li>Revocar los consentimientos otorgados<\/li>\n<\/ol>\n\n\n\n<p>El usuario para ejercer sus derechos, deber\u00e1 enviar un escrito en el que indique el derecho que desea ejercitar y acompa\u00f1ar documento acreditativo de su identidad y direcci\u00f3n postal o electr\u00f3nica a efectos de notificaci\u00f3n. Esta solicitud puede realizarla, bien mediante correo postal a: ANTICIPAYSOLUCIONA.COM Guillermina Medrano n\u00ba3, 28529 Rivas-Vaciamadrid, Madrid, o bien en la siguiente direcci\u00f3n de correo-e: sonia@anticipaysoluciona.com.<\/p>\n\n\n\n<p>ANTICIPAYSOLUCIONA.COM deber\u00e1 contestar la solicitud del ejercicio de derechos en el&nbsp;<strong>plazo de un mes<\/strong>&nbsp;a partir de la recepci\u00f3n de la solicitud. Dicho plazo podr\u00e1 prorrogarse otros dos meses en caso necesario, teniendo en cuenta la complejidad y el n\u00famero de solicitudes.&nbsp; Le informaremos de cualquier pr\u00f3rroga en el plazo de un mes a partir de la recepci\u00f3n de la solicitud indicando los motivos de la dilaci\u00f3n.<\/p>\n\n\n\n<p>Asimismo, los interesados tienen derecho a reclamar ante la Autoridad de Control competente (Agencia Espa\u00f1ola de Protecci\u00f3n de Datos) cuando consideren que ANTICIPAYSOLUCIONA.COM ha vulnerado los derechos que la normativa de protecci\u00f3n de datos les reconoce en&nbsp;<a href=\"http:\/\/www.aepd.es\/\">www.aepd.es<\/a><\/p>\n\n\n\n<hr class=\"wp-block-separator has-alpha-channel-opacity\"\/>\n\n\n\n<h3 class=\"wp-block-heading\"><strong><br><\/strong><strong>8. \u00bf<\/strong><strong>EST\u00c1N SEGUROS MIS DATOS?<\/strong><\/h3>\n\n\n\n<p>ANTICIPAYSOLUCIONA.COM tiene vigente un contrato con la empresa de hospedaje OVH.es para el alojamiento de su p\u00e1gina web. Es una empresa europea y dispone de los \u00faltimos sistemas en medidas de seguridad.<\/p>\n\n\n\n<p>ANTICIPAYSOLUCIONA.COM garantiza la adopci\u00f3n de las medidas oportunas para asegurar el tratamiento confidencial de sus datos habida cuenta del car\u00e1cter reservado de los mismos.<\/p>\n\n\n\n<p>ANTICIPAYSOLUCIONA.COM se compromete a que dichos datos permanezcan secretos, trat\u00e1ndolos con la m\u00e1xima reserva, y declara tener implantadas en su sistema de informaci\u00f3n, las pol\u00edticas de seguridad correspondientes al tipo de datos manejados conforme a lo dispuesto en el&nbsp; REGLAMENTO (UE) 2016\/679 DEL PARLAMENTO EUROPEO Y DEL CONSEJO de 27 de abril de 2016 relativo a la protecci\u00f3n de las personas f\u00edsicas en lo que respecta al tratamiento de datos personales y a la libre circulaci\u00f3n de estos datos (RGPD).<\/p>\n\n\n\n<p>Todos los datos facilitados a trav\u00e9s de nuestra plataforma se realiza mediante un protocolo seguro. Nuestra web posee un certificado SSL que permite que cuando alg\u00fan usuario visita nuestra web e intercambia informaci\u00f3n con nosotros se establece una conexi\u00f3n cifrada.<\/p>\n\n\n\n<hr class=\"wp-block-separator has-alpha-channel-opacity\"\/>\n\n\n\n<h3 class=\"wp-block-heading\"><strong>9. ENLACES A OTROS SITIOS WEB<\/strong><\/h3>\n\n\n\n<p>Si opta por abandonar nuestro sitio Web a trav\u00e9s de enlaces a otros sitios Web no pertenecientes a nuestra entidad, ANTICIPAYSOLUCIONA.COM no se har\u00e1 responsable de las pol\u00edticas de privacidad de dichos sitios Web ni de las cookies que estos puedan almacenar en el ordenador del usuario.<\/p>\n<\/div>\n","protected":false},"excerpt":{"rendered":"<p>INFORMACI\u00d3N B\u00c1SICA DE PROTECCI\u00d3N DE DATOS&nbsp; Responsable SON &amp; GIN INVESTMENTS S.L. Finalidad Atender las solicitudes de compra realizadas por la web, gestionar el env\u00edo de informaci\u00f3n y de los pedidos de compra, realizar tr\u00e1mites relacionados con la relaci\u00f3n comercial establecida con el cliente. Legitimaci\u00f3n Consentimiento del interesado. Destinatarios No se ceder\u00e1n datos a terceros [&hellip;]<\/p>\n","protected":false},"author":3,"featured_media":0,"parent":0,"menu_order":0,"comment_status":"closed","ping_status":"closed","template":"","meta":{"om_disable_all_campaigns":false,"_monsterinsights_skip_tracking":false,"_monsterinsights_sitenote_active":false,"_monsterinsights_sitenote_note":"","_monsterinsights_sitenote_category":0,"footnotes":""},"class_list":["post-100","page","type-page","status-publish","hentry"],"aioseo_notices":[],"_links":{"self":[{"href":"https:\/\/anticipaysoluciona.com\/index.php\/wp-json\/wp\/v2\/pages\/100","targetHints":{"allow":["GET"]}}],"collection":[{"href":"https:\/\/anticipaysoluciona.com\/index.php\/wp-json\/wp\/v2\/pages"}],"about":[{"href":"https:\/\/anticipaysoluciona.com\/index.php\/wp-json\/wp\/v2\/types\/page"}],"author":[{"embeddable":true,"href":"https:\/\/anticipaysoluciona.com\/index.php\/wp-json\/wp\/v2\/users\/3"}],"replies":[{"embeddable":true,"href":"https:\/\/anticipaysoluciona.com\/index.php\/wp-json\/wp\/v2\/comments?post=100"}],"version-history":[{"count":8,"href":"https:\/\/anticipaysoluciona.com\/index.php\/wp-json\/wp\/v2\/pages\/100\/revisions"}],"predecessor-version":[{"id":331,"href":"https:\/\/anticipaysoluciona.com\/index.php\/wp-json\/wp\/v2\/pages\/100\/revisions\/331"}],"wp:attachment":[{"href":"https:\/\/anticipaysoluciona.com\/index.php\/wp-json\/wp\/v2\/media?parent=100"}],"curies":[{"name":"wp","href":"https:\/\/api.w.org\/{rel}","templated":true}]}}